{"id":235,"date":"2024-01-25T09:57:23","date_gmt":"2024-01-25T09:57:23","guid":{"rendered":"https:\/\/image-kiel.de\/?page_id=235"},"modified":"2024-01-25T14:35:01","modified_gmt":"2024-01-25T14:35:01","slug":"235-2","status":"publish","type":"page","link":"https:\/\/image-kiel.de\/?page_id=235","title":{"rendered":"Leistungen"},"content":{"rendered":"<p>[et_pb_section fb_built=&#8220;1&#8243; admin_label=&#8220;Hero&#8220; _builder_version=&#8220;4.23.4&#8243; background_color=&#8220;#fcd21d&#8220; use_background_color_gradient=&#8220;on&#8220; background_color_gradient_stops=&#8220;#000000 0%|#e02b20 99%&#8220; background_enable_image=&#8220;off&#8220; custom_padding=&#8220;|||&#8220; animation_style=&#8220;zoom&#8220; animation_intensity_zoom=&#8220;4%&#8220; global_colors_info=&#8220;{}&#8220;][et_pb_row _builder_version=&#8220;4.16&#8243; background_size=&#8220;initial&#8220; background_position=&#8220;top_left&#8220; background_repeat=&#8220;repeat&#8220; custom_padding=&#8220;|||&#8220; animation_style=&#8220;slide&#8220; animation_direction=&#8220;top&#8220; animation_intensity_slide=&#8220;3%&#8220; global_colors_info=&#8220;{}&#8220;][et_pb_column type=&#8220;4_4&#8243; _builder_version=&#8220;4.16&#8243; custom_padding=&#8220;|||&#8220; global_colors_info=&#8220;{}&#8220; custom_padding__hover=&#8220;|||&#8220;][et_pb_text _builder_version=&#8220;4.23.4&#8243; text_font=&#8220;Montserrat|500||on|||||&#8220; text_text_color=&#8220;#FFFFFF&#8220; text_font_size=&#8220;16px&#8220; text_letter_spacing=&#8220;3px&#8220; background_size=&#8220;initial&#8220; background_position=&#8220;top_left&#8220; background_repeat=&#8220;repeat&#8220; custom_margin=&#8220;||45px|&#8220; animation_style=&#8220;slide&#8220; animation_direction=&#8220;bottom&#8220; locked=&#8220;off&#8220; global_colors_info=&#8220;{}&#8220;]<\/p>\n<p>IMAGE Marketing GmbH<\/p>\n<p>[\/et_pb_text][et_pb_text _builder_version=&#8220;4.23.4&#8243; text_font=&#8220;Cairo|700||on|||||&#8220; text_text_color=&#8220;#FFFFFF&#8220; text_font_size=&#8220;68px&#8220; header_font=&#8220;Montserrat|700||on|||||&#8220; header_text_color=&#8220;#353740&#8243; header_font_size=&#8220;60px&#8220; header_line_height=&#8220;1.3em&#8220; background_size=&#8220;initial&#8220; background_position=&#8220;top_left&#8220; background_repeat=&#8220;repeat&#8220; custom_margin=&#8220;|||&#8220; animation_style=&#8220;fade&#8220; header_font_size_last_edited=&#8220;off|desktop&#8220; locked=&#8220;off&#8220; global_colors_info=&#8220;{}&#8220;]Leistungen[\/et_pb_text][\/et_pb_column][\/et_pb_row][\/et_pb_section][et_pb_section fb_built=&#8220;1&#8243; admin_label=&#8220;Service Section&#8220; _builder_version=&#8220;4.16&#8243; custom_margin=&#8220;-1px|||||&#8220; custom_padding=&#8220;0px||110px|||&#8220; global_colors_info=&#8220;{}&#8220;][et_pb_row column_structure=&#8220;1_3,1_3,1_3&#8243; use_custom_gutter=&#8220;on&#8220; make_equal=&#8220;on&#8220; admin_label=&#8220;Services&#8220; _builder_version=&#8220;4.16&#8243; max_width=&#8220;80%&#8220; custom_padding=&#8220;25px||25px|&#8220; use_custom_width=&#8220;on&#8220; width_unit=&#8220;off&#8220; global_colors_info=&#8220;{}&#8220;][et_pb_column type=&#8220;1_3&#8243; _builder_version=&#8220;4.16&#8243; custom_padding=&#8220;|||&#8220; global_colors_info=&#8220;{}&#8220; custom_padding__hover=&#8220;|||&#8220;][et_pb_blurb title=&#8220;Online Marketing&#8220; use_icon=&#8220;on&#8220; font_icon=&#8220;&#x6b;||divi||400&#8243; icon_color=&#8220;#E02B20&#8243; image_icon_width=&#8220;60px&#8220; _builder_version=&#8220;4.23.4&#8243; header_font=&#8220;Montserrat|on|||&#8220; header_text_color=&#8220;#353740&#8243; header_font_size=&#8220;22px&#8220; header_line_height=&#8220;1.4em&#8220; body_font=&#8220;Montserrat||||&#8220; body_text_color=&#8220;#747d88&#8243; body_font_size=&#8220;16px&#8220; custom_padding=&#8220;30px|30px|30px|30px&#8220; animation_style=&#8220;zoom&#8220; border_width_all=&#8220;0px&#8220; border_color_all=&#8220;#dddddd&#8220; border_style_all=&#8220;solid&#8220; use_border_color=&#8220;on&#8220; border_color=&#8220;#dddddd&#8220; icon_font_size=&#8220;60px&#8220; global_colors_info=&#8220;{}&#8220;]<\/p>\n<p><span>Im Bereich des Online Marketings stehen Ihnen eine breite Palette von Strategien und Dienstleistungen zur Verf\u00fcgung, um Ihre digitale Pr\u00e4senz zu st\u00e4rken. Hierbei reicht unser Portfolio von der umfassenden strategischen Planung bis hin zur akribischen Umsetzung. Egal ob es um die Schaltung von Pay-per-Click (PPC) Kampagnen, die Gestaltung effektiver Display-Anzeigen oder die Durchf\u00fchrung wirkungsvoller E-Mail-Marketing-Kampagnen geht \u2013 wir halten stets die neuesten Entwicklungen im Auge, um sicherzustellen, dass Ihre Online-Marketing-Strategie stets auf dem neuesten Stand ist. Wir setzen auf erprobte Methoden, um Ihre Online-Pr\u00e4senz zu optimieren und Ihr Gesch\u00e4ft anzukurbeln.<\/span><\/p>\n<p>[\/et_pb_blurb][\/et_pb_column][et_pb_column type=&#8220;1_3&#8243; _builder_version=&#8220;4.16&#8243; custom_padding=&#8220;|||&#8220; global_colors_info=&#8220;{}&#8220; custom_padding__hover=&#8220;|||&#8220;][et_pb_blurb title=&#8220;Social Media&#8220; use_icon=&#8220;on&#8220; font_icon=&#8220;&#xe00a;||divi||400&#8243; icon_color=&#8220;#E02B20&#8243; image_icon_width=&#8220;60px&#8220; _builder_version=&#8220;4.23.4&#8243; header_font=&#8220;Montserrat|on|||&#8220; header_text_color=&#8220;#353740&#8243; header_font_size=&#8220;22px&#8220; header_line_height=&#8220;1.4em&#8220; body_font=&#8220;Montserrat||||&#8220; body_text_color=&#8220;#747d88&#8243; body_font_size=&#8220;16px&#8220; custom_padding=&#8220;30px|30px|30px|30px&#8220; animation_style=&#8220;zoom&#8220; animation_delay=&#8220;100ms&#8220; border_width_all=&#8220;0px&#8220; border_color_all=&#8220;#dddddd&#8220; border_style_all=&#8220;solid&#8220; use_border_color=&#8220;on&#8220; border_color=&#8220;#dddddd&#8220; icon_font_size=&#8220;60px&#8220; global_colors_info=&#8220;{}&#8220; custom_margin=&#8220;||43px|||&#8220;]<\/p>\n<p><span>Die Bedeutung von sozialen Medien im modernen Marketing ist unbestreitbar. Unsere individuell zugeschnittenen Social Media Marketing Strategien sind darauf ausgerichtet, Ihre Botschaft auf Plattformen wie Facebook, Instagram, Twitter und LinkedIn effektiv zu verbreiten. Hierbei haben wir immer das Ziel im Blick, das Engagement Ihrer Zielgruppe zu erh\u00f6hen, neue Follower zu gewinnen und die Konversionsraten zu steigern. Zudem bleiben wir permanent auf dem Laufenden \u00fcber die aktuellsten Trends und Algorithmen, um sicherzustellen, dass Ihre Marke in den sozialen Medien stets im Rampenlicht steht.<\/span><span><\/span><span><\/span><span><\/span><\/p>\n<p><span><\/span><\/p>\n<p>[\/et_pb_blurb][et_pb_button button_text=&#8220;Individuelle Informationen erhalten&#8220; _builder_version=&#8220;4.23.4&#8243; _module_preset=&#8220;default&#8220; button_alignment=&#8220;center&#8220; button_url=&#8220;@ET-DC@eyJkeW5hbWljIjp0cnVlLCJjb250ZW50IjoicG9zdF9saW5rX3VybF9wYWdlIiwic2V0dGluZ3MiOnsicG9zdF9pZCI6IjI0MSJ9fQ==@&#8220; _dynamic_attributes=&#8220;button_url&#8220; hover_enabled=&#8220;0&#8243; sticky_enabled=&#8220;0&#8243; custom_button=&#8220;on&#8220; button_text_color=&#8220;#E02B20&#8243;][\/et_pb_button][\/et_pb_column][et_pb_column type=&#8220;1_3&#8243; _builder_version=&#8220;4.16&#8243; custom_padding=&#8220;|||&#8220; global_colors_info=&#8220;{}&#8220; custom_padding__hover=&#8220;|||&#8220;][et_pb_blurb title=&#8220;Web Design&#8220; use_icon=&#8220;on&#8220; font_icon=&#8220;&#xe00e;||divi||400&#8243; icon_color=&#8220;#E02B20&#8243; image_icon_width=&#8220;60px&#8220; _builder_version=&#8220;4.23.4&#8243; header_font=&#8220;Montserrat|on|||&#8220; header_text_color=&#8220;#353740&#8243; header_font_size=&#8220;22px&#8220; header_line_height=&#8220;1.4em&#8220; body_font=&#8220;Montserrat||||&#8220; body_text_color=&#8220;#747d88&#8243; body_font_size=&#8220;16px&#8220; custom_padding=&#8220;30px|30px|30px|30px&#8220; animation_style=&#8220;zoom&#8220; animation_delay=&#8220;200ms&#8220; border_width_all=&#8220;0px&#8220; border_color_all=&#8220;#dddddd&#8220; border_style_all=&#8220;solid&#8220; use_border_color=&#8220;on&#8220; border_color=&#8220;#dddddd&#8220; icon_font_size=&#8220;60px&#8220; global_colors_info=&#8220;{}&#8220;]<\/p>\n<p><span>Ihre Webseite fungiert als digitale Visitenkarte und stellt oft den ersten Kontakt zwischen Ihrem Unternehmen und potenziellen Kunden dar. Unsere Web-Designer und Entwickler konzentrieren sich darauf, nicht nur optisch ansprechende und benutzerfreundliche Webseiten zu erstellen, sondern sie auch f\u00fcr Suchmaschinen zu optimieren. Hierbei nutzen wir stets die aktuellsten Technologien und bew\u00e4hrten Methoden, um sicherzustellen, dass Ihre Webseite nicht nur gut aussieht, sondern auch Ihre Gesch\u00e4ftsziele unterst\u00fctzt.<\/span><span><\/span><\/p>\n<p><span><\/span><\/p>\n<p>[\/et_pb_blurb][\/et_pb_column][\/et_pb_row][et_pb_row column_structure=&#8220;1_3,1_3,1_3&#8243; use_custom_gutter=&#8220;on&#8220; make_equal=&#8220;on&#8220; admin_label=&#8220;Services&#8220; _builder_version=&#8220;4.16&#8243; max_width=&#8220;80%&#8220; custom_padding=&#8220;25px||25px|&#8220; use_custom_width=&#8220;on&#8220; width_unit=&#8220;off&#8220; global_colors_info=&#8220;{}&#8220;][et_pb_column type=&#8220;1_3&#8243; _builder_version=&#8220;4.16&#8243; custom_padding=&#8220;|||&#8220; global_colors_info=&#8220;{}&#8220; custom_padding__hover=&#8220;|||&#8220;][et_pb_blurb title=&#8220;Print&#8220; use_icon=&#8220;on&#8220; font_icon=&#8220;&#xe007;||divi||400&#8243; icon_color=&#8220;#E02B20&#8243; image_icon_width=&#8220;60px&#8220; _builder_version=&#8220;4.23.4&#8243; header_font=&#8220;Montserrat|on|||&#8220; header_text_color=&#8220;#353740&#8243; header_font_size=&#8220;22px&#8220; header_line_height=&#8220;1.4em&#8220; body_font=&#8220;Montserrat||||&#8220; body_text_color=&#8220;#747d88&#8243; body_font_size=&#8220;16px&#8220; custom_padding=&#8220;30px|30px|30px|30px&#8220; animation_style=&#8220;zoom&#8220; border_width_all=&#8220;0px&#8220; border_color_all=&#8220;#dddddd&#8220; border_style_all=&#8220;solid&#8220; use_border_color=&#8220;on&#8220; border_color=&#8220;#dddddd&#8220; icon_font_size=&#8220;60px&#8220; global_colors_info=&#8220;{}&#8220;]<\/p>\n<p><span>Obwohl wir im digitalen Zeitalter leben, bleibt Print ein unverzichtbarer Bestandteil des Marketing-Mix. Unsere Print-Experten sind darauf spezialisiert, hochwertige Marketingmaterialien wie Flyer, Brosch\u00fcren und Kataloge zu erstellen, die Ihre Botschaft klar und \u00fcberzeugend vermitteln. Dabei legen wir gro\u00dfen Wert auf erstklassiges Design und Druckqualit\u00e4t, um sicherzustellen, dass Ihre Printmaterialien professionell und ansprechend wirken und einen bleibenden Eindruck hinterlassen.<\/span><\/p>\n<p>[\/et_pb_blurb][\/et_pb_column][et_pb_column type=&#8220;1_3&#8243; _builder_version=&#8220;4.16&#8243; custom_padding=&#8220;|||&#8220; global_colors_info=&#8220;{}&#8220; custom_padding__hover=&#8220;|||&#8220;][et_pb_blurb title=&#8220;SEO\/SEA&#8220; use_icon=&#8220;on&#8220; font_icon=&#8220;&#xe00d;||divi||400&#8243; icon_color=&#8220;#E02B20&#8243; image_icon_width=&#8220;60px&#8220; _builder_version=&#8220;4.23.4&#8243; header_font=&#8220;Montserrat|on|||&#8220; header_text_color=&#8220;#353740&#8243; header_font_size=&#8220;22px&#8220; header_line_height=&#8220;1.4em&#8220; body_font=&#8220;Montserrat||||&#8220; body_text_color=&#8220;#747d88&#8243; body_font_size=&#8220;16px&#8220; custom_padding=&#8220;30px|30px|30px|30px&#8220; animation_style=&#8220;zoom&#8220; animation_delay=&#8220;100ms&#8220; border_width_all=&#8220;0px&#8220; border_color_all=&#8220;#dddddd&#8220; border_style_all=&#8220;solid&#8220; use_border_color=&#8220;on&#8220; border_color=&#8220;#dddddd&#8220; icon_font_size=&#8220;60px&#8220; global_colors_info=&#8220;{}&#8220;]<\/p>\n<p><span>Suchmaschinenoptimierung (SEO) und Suchmaschinenwerbung (SEA) sind von entscheidender Bedeutung, um online gefunden zu werden. Unsere SEO-Strategen verstehen die Nuancen der Suchmaschinenalgorithmen und optimieren Ihre Webseite, um organischen Traffic zu steigern. Gleichzeitig entwickeln wir gezielte Werbekampagnen, um Ihre Pr\u00e4senz in den Suchmaschinen-Ergebnissen zu maximieren. Die Kombination aus SEO und SEA bietet Ihnen eine umfassende Strategie zur Steigerung Ihrer Online-Sichtbarkeit und zur Erreichung Ihrer Gesch\u00e4ftsziele.<\/span><\/p>\n<p>[\/et_pb_blurb][et_pb_button button_text=&#8220;Individuelle Informationen erhalten&#8220; _builder_version=&#8220;4.23.4&#8243; _module_preset=&#8220;default&#8220; button_alignment=&#8220;center&#8220; button_url=&#8220;@ET-DC@eyJkeW5hbWljIjp0cnVlLCJjb250ZW50IjoicG9zdF9saW5rX3VybF9wYWdlIiwic2V0dGluZ3MiOnsicG9zdF9pZCI6IjI0MSJ9fQ==@&#8220; _dynamic_attributes=&#8220;button_url&#8220; hover_enabled=&#8220;0&#8243; sticky_enabled=&#8220;0&#8243; custom_button=&#8220;on&#8220; button_text_color=&#8220;#E02B20&#8243;][\/et_pb_button][\/et_pb_column][et_pb_column type=&#8220;1_3&#8243; _builder_version=&#8220;4.16&#8243; custom_padding=&#8220;|||&#8220; global_colors_info=&#8220;{}&#8220; custom_padding__hover=&#8220;|||&#8220;][et_pb_blurb title=&#8220;Fotografie&#8220; use_icon=&#8220;on&#8220; font_icon=&#8220;&#xe00f;||divi||400&#8243; icon_color=&#8220;#E02B20&#8243; image_icon_width=&#8220;60px&#8220; _builder_version=&#8220;4.23.4&#8243; header_font=&#8220;Montserrat|on|||&#8220; header_text_color=&#8220;#353740&#8243; header_font_size=&#8220;22px&#8220; header_line_height=&#8220;1.4em&#8220; body_font=&#8220;Montserrat||||&#8220; body_text_color=&#8220;#747d88&#8243; body_font_size=&#8220;16px&#8220; custom_padding=&#8220;30px|30px|30px|30px&#8220; animation_style=&#8220;zoom&#8220; animation_delay=&#8220;200ms&#8220; border_width_all=&#8220;0px&#8220; border_color_all=&#8220;#dddddd&#8220; border_style_all=&#8220;solid&#8220; use_border_color=&#8220;on&#8220; border_color=&#8220;#dddddd&#8220; icon_font_size=&#8220;60px&#8220; global_colors_info=&#8220;{}&#8220;]<\/p>\n<p><span>Bilder haben die Kraft, Geschichten zu erz\u00e4hlen und Emotionen zu wecken. Unsere Fotografen sind Experten darin, Produkte, Portr\u00e4ts und Veranstaltungen in bestem Licht darzustellen. Ob f\u00fcr Ihre Webseite, Social-Media-Kan\u00e4le oder Printmaterialien \u2013 wir liefern professionelle Fotografie, die Ihre Botschaft wirkungsvoll \u00fcbermittelt und Ihr Publikum anspricht. Unsere Bilder sind nicht nur \u00e4sthetisch ansprechend, sondern auch darauf ausgerichtet, Ihre Marke in ein positives Licht zu r\u00fccken und potenzielle Kunden anzulocken.<\/span><\/p>\n<p>[\/et_pb_blurb][\/et_pb_column][\/et_pb_row][\/et_pb_section]<\/p>\n","protected":false},"excerpt":{"rendered":"<p>IMAGE Marketing GmbHLeistungenIm Bereich des Online Marketings stehen Ihnen eine breite Palette von Strategien und Dienstleistungen zur Verf\u00fcgung, um Ihre digitale Pr\u00e4senz zu st\u00e4rken. Hierbei reicht unser Portfolio von der umfassenden strategischen Planung bis hin zur akribischen Umsetzung. Egal ob es um die Schaltung von Pay-per-Click (PPC) Kampagnen, die Gestaltung effektiver Display-Anzeigen oder die Durchf\u00fchrung [&hellip;]<\/p>\n","protected":false},"author":1,"featured_media":0,"parent":0,"menu_order":0,"comment_status":"closed","ping_status":"closed","template":"","meta":{"_et_pb_use_builder":"on","_et_pb_old_content":"","_et_gb_content_width":"","footnotes":""},"class_list":["post-235","page","type-page","status-publish","hentry"],"_links":{"self":[{"href":"https:\/\/image-kiel.de\/index.php?rest_route=\/wp\/v2\/pages\/235","targetHints":{"allow":["GET"]}}],"collection":[{"href":"https:\/\/image-kiel.de\/index.php?rest_route=\/wp\/v2\/pages"}],"about":[{"href":"https:\/\/image-kiel.de\/index.php?rest_route=\/wp\/v2\/types\/page"}],"author":[{"embeddable":true,"href":"https:\/\/image-kiel.de\/index.php?rest_route=\/wp\/v2\/users\/1"}],"replies":[{"embeddable":true,"href":"https:\/\/image-kiel.de\/index.php?rest_route=%2Fwp%2Fv2%2Fcomments&post=235"}],"version-history":[{"count":4,"href":"https:\/\/image-kiel.de\/index.php?rest_route=\/wp\/v2\/pages\/235\/revisions"}],"predecessor-version":[{"id":285,"href":"https:\/\/image-kiel.de\/index.php?rest_route=\/wp\/v2\/pages\/235\/revisions\/285"}],"wp:attachment":[{"href":"https:\/\/image-kiel.de\/index.php?rest_route=%2Fwp%2Fv2%2Fmedia&parent=235"}],"curies":[{"name":"wp","href":"https:\/\/api.w.org\/{rel}","templated":true}]}}